{"id":10684,"date":"2017-03-02T15:50:57","date_gmt":"2017-03-02T15:50:57","guid":{"rendered":"http:\/\/projektai.vdizainas.lt\/sokiai\/?page_id=10684"},"modified":"2021-06-30T20:55:59","modified_gmt":"2021-06-30T17:55:59","slug":"modern-dance","status":"publish","type":"page","link":"https:\/\/www.linedance.lt\/en\/","title":{"rendered":"Main"},"content":{"rendered":"<div class=\"wpb-content-wrapper\"><p>[vc_row full_width=&#8221;stretch_row_content_no_spaces&#8221; enable_arrows_animation=&#8221;no&#8221;][vc_column][rev_slider_vc alias=&#8221;linedance-pagrindinis-1&#8243;][\/vc_column][\/vc_row][vc_row][vc_column][vc_column_text][\/vc_column_text][\/vc_column][\/vc_row]<\/p>\n<\/div>","protected":false},"excerpt":{"rendered":"<p>[vc_row full_width=&#8221;stretch_row_content_no_spaces&#8221; enable_arrows_animation=&#8221;no&#8221;][vc_column][rev_slider_vc alias=&#8221;linedance-pagrindinis-1&#8243;][\/vc_column][\/vc_row][vc_row][vc_column][vc_column_text][\/vc_column_text][\/vc_column][\/vc_row]<\/p>\n","protected":false},"author":1,"featured_media":0,"parent":0,"menu_order":0,"comment_status":"closed","ping_status":"closed","template":"","meta":{"footnotes":""},"class_list":["post-10684","page","type-page","status-publish","hentry"],"yoast_head":"<!-- This site is optimized with the Yoast SEO plugin v26.8 - https:\/\/yoast.com\/product\/yoast-seo-wordpress\/ -->\n<title>Linedance LT | Ateik pas mus ir \u0161oki\u0173 madas pa\u017einkime kartu!<\/title>\n<meta name=\"robots\" content=\"index, follow, max-snippet:-1, max-image-preview:large, max-video-preview:-1\" \/>\n<link rel=\"canonical\" href=\"https:\/\/www.linedance.lt\/en\/\" \/>\n<meta property=\"og:locale\" content=\"en_US\" \/>\n<meta property=\"og:type\" content=\"article\" \/>\n<meta property=\"og:title\" content=\"Linedance LT | Ateik pas mus ir \u0161oki\u0173 madas pa\u017einkime kartu!\" \/>\n<meta property=\"og:url\" content=\"https:\/\/www.linedance.lt\/en\/\" \/>\n<meta property=\"og:site_name\" content=\"Linedance LT\" \/>\n<meta property=\"article:publisher\" content=\"https:\/\/www.facebook.com\/LinedanceLietuva\" \/>\n<meta property=\"article:modified_time\" content=\"2021-06-30T17:55:59+00:00\" \/>\n<meta property=\"og:image\" content=\"https:\/\/www.linedance.lt\/wp-content\/uploads\/2019\/06\/linedance-fb.jpg\" \/>\n\t<meta property=\"og:image:width\" content=\"1200\" \/>\n\t<meta property=\"og:image:height\" content=\"630\" \/>\n\t<meta property=\"og:image:type\" content=\"image\/jpeg\" \/>\n<meta name=\"twitter:card\" content=\"summary_large_image\" \/>\n<script type=\"application\/ld+json\" class=\"yoast-schema-graph\">{\"@context\":\"https:\/\/schema.org\",\"@graph\":[{\"@type\":\"WebPage\",\"@id\":\"https:\/\/www.linedance.lt\/en\/\",\"url\":\"https:\/\/www.linedance.lt\/en\/\",\"name\":\"Linedance LT | Ateik pas mus ir \u0161oki\u0173 madas pa\u017einkime kartu!\",\"isPartOf\":{\"@id\":\"https:\/\/www.linedance.lt\/#website\"},\"datePublished\":\"2017-03-02T15:50:57+00:00\",\"dateModified\":\"2021-06-30T17:55:59+00:00\",\"breadcrumb\":{\"@id\":\"https:\/\/www.linedance.lt\/en\/#breadcrumb\"},\"inLanguage\":\"en-US\",\"potentialAction\":[{\"@type\":\"ReadAction\",\"target\":[\"https:\/\/www.linedance.lt\/en\/\"]}]},{\"@type\":\"BreadcrumbList\",\"@id\":\"https:\/\/www.linedance.lt\/en\/#breadcrumb\",\"itemListElement\":[{\"@type\":\"ListItem\",\"position\":1,\"name\":\"Prad\u017eia\",\"item\":\"https:\/\/www.linedance.lt\/en\/\"},{\"@type\":\"ListItem\",\"position\":2,\"name\":\"Main\"}]},{\"@type\":\"WebSite\",\"@id\":\"https:\/\/www.linedance.lt\/#website\",\"url\":\"https:\/\/www.linedance.lt\/\",\"name\":\"Linedance LT\",\"description\":\"Ateik pas mus ir \u0161oki\u0173 madas pa\u017einkime kartu!\",\"publisher\":{\"@id\":\"https:\/\/www.linedance.lt\/#organization\"},\"potentialAction\":[{\"@type\":\"SearchAction\",\"target\":{\"@type\":\"EntryPoint\",\"urlTemplate\":\"https:\/\/www.linedance.lt\/?s={search_term_string}\"},\"query-input\":{\"@type\":\"PropertyValueSpecification\",\"valueRequired\":true,\"valueName\":\"search_term_string\"}}],\"inLanguage\":\"en-US\"},{\"@type\":\"Organization\",\"@id\":\"https:\/\/www.linedance.lt\/#organization\",\"name\":\"V\u0161\u012e linijini\u0173 \u0161oki\u0173 mokykla \u201eLINEDANCE LT\u201c\",\"url\":\"https:\/\/www.linedance.lt\/\",\"logo\":{\"@type\":\"ImageObject\",\"inLanguage\":\"en-US\",\"@id\":\"https:\/\/www.linedance.lt\/#\/schema\/logo\/image\/\",\"url\":\"https:\/\/www.linedance.lt\/wp-content\/uploads\/2019\/04\/linedance-logo-p.png\",\"contentUrl\":\"https:\/\/www.linedance.lt\/wp-content\/uploads\/2019\/04\/linedance-logo-p.png\",\"width\":300,\"height\":35,\"caption\":\"V\u0161\u012e linijini\u0173 \u0161oki\u0173 mokykla \u201eLINEDANCE LT\u201c\"},\"image\":{\"@id\":\"https:\/\/www.linedance.lt\/#\/schema\/logo\/image\/\"},\"sameAs\":[\"https:\/\/www.facebook.com\/LinedanceLietuva\",\"https:\/\/www.youtube.com\/user\/LinedanceLT1\"]}]}<\/script>\n<!-- \/ Yoast SEO plugin. -->","yoast_head_json":{"title":"Linedance LT | Ateik pas mus ir \u0161oki\u0173 madas pa\u017einkime kartu!","robots":{"index":"index","follow":"follow","max-snippet":"max-snippet:-1","max-image-preview":"max-image-preview:large","max-video-preview":"max-video-preview:-1"},"canonical":"https:\/\/www.linedance.lt\/en\/","og_locale":"en_US","og_type":"article","og_title":"Linedance LT | Ateik pas mus ir \u0161oki\u0173 madas pa\u017einkime kartu!","og_url":"https:\/\/www.linedance.lt\/en\/","og_site_name":"Linedance LT","article_publisher":"https:\/\/www.facebook.com\/LinedanceLietuva","article_modified_time":"2021-06-30T17:55:59+00:00","og_image":[{"width":1200,"height":630,"url":"https:\/\/www.linedance.lt\/wp-content\/uploads\/2019\/06\/linedance-fb.jpg","type":"image\/jpeg"}],"twitter_card":"summary_large_image","schema":{"@context":"https:\/\/schema.org","@graph":[{"@type":"WebPage","@id":"https:\/\/www.linedance.lt\/en\/","url":"https:\/\/www.linedance.lt\/en\/","name":"Linedance LT | Ateik pas mus ir \u0161oki\u0173 madas pa\u017einkime kartu!","isPartOf":{"@id":"https:\/\/www.linedance.lt\/#website"},"datePublished":"2017-03-02T15:50:57+00:00","dateModified":"2021-06-30T17:55:59+00:00","breadcrumb":{"@id":"https:\/\/www.linedance.lt\/en\/#breadcrumb"},"inLanguage":"en-US","potentialAction":[{"@type":"ReadAction","target":["https:\/\/www.linedance.lt\/en\/"]}]},{"@type":"BreadcrumbList","@id":"https:\/\/www.linedance.lt\/en\/#breadcrumb","itemListElement":[{"@type":"ListItem","position":1,"name":"Prad\u017eia","item":"https:\/\/www.linedance.lt\/en\/"},{"@type":"ListItem","position":2,"name":"Main"}]},{"@type":"WebSite","@id":"https:\/\/www.linedance.lt\/#website","url":"https:\/\/www.linedance.lt\/","name":"Linedance LT","description":"Ateik pas mus ir \u0161oki\u0173 madas pa\u017einkime kartu!","publisher":{"@id":"https:\/\/www.linedance.lt\/#organization"},"potentialAction":[{"@type":"SearchAction","target":{"@type":"EntryPoint","urlTemplate":"https:\/\/www.linedance.lt\/?s={search_term_string}"},"query-input":{"@type":"PropertyValueSpecification","valueRequired":true,"valueName":"search_term_string"}}],"inLanguage":"en-US"},{"@type":"Organization","@id":"https:\/\/www.linedance.lt\/#organization","name":"V\u0161\u012e linijini\u0173 \u0161oki\u0173 mokykla \u201eLINEDANCE LT\u201c","url":"https:\/\/www.linedance.lt\/","logo":{"@type":"ImageObject","inLanguage":"en-US","@id":"https:\/\/www.linedance.lt\/#\/schema\/logo\/image\/","url":"https:\/\/www.linedance.lt\/wp-content\/uploads\/2019\/04\/linedance-logo-p.png","contentUrl":"https:\/\/www.linedance.lt\/wp-content\/uploads\/2019\/04\/linedance-logo-p.png","width":300,"height":35,"caption":"V\u0161\u012e linijini\u0173 \u0161oki\u0173 mokykla \u201eLINEDANCE LT\u201c"},"image":{"@id":"https:\/\/www.linedance.lt\/#\/schema\/logo\/image\/"},"sameAs":["https:\/\/www.facebook.com\/LinedanceLietuva","https:\/\/www.youtube.com\/user\/LinedanceLT1"]}]}},"_links":{"self":[{"href":"https:\/\/www.linedance.lt\/en\/wp-json\/wp\/v2\/pages\/10684","targetHints":{"allow":["GET"]}}],"collection":[{"href":"https:\/\/www.linedance.lt\/en\/wp-json\/wp\/v2\/pages"}],"about":[{"href":"https:\/\/www.linedance.lt\/en\/wp-json\/wp\/v2\/types\/page"}],"author":[{"embeddable":true,"href":"https:\/\/www.linedance.lt\/en\/wp-json\/wp\/v2\/users\/1"}],"replies":[{"embeddable":true,"href":"https:\/\/www.linedance.lt\/en\/wp-json\/wp\/v2\/comments?post=10684"}],"version-history":[{"count":6,"href":"https:\/\/www.linedance.lt\/en\/wp-json\/wp\/v2\/pages\/10684\/revisions"}],"predecessor-version":[{"id":12802,"href":"https:\/\/www.linedance.lt\/en\/wp-json\/wp\/v2\/pages\/10684\/revisions\/12802"}],"wp:attachment":[{"href":"https:\/\/www.linedance.lt\/en\/wp-json\/wp\/v2\/media?parent=10684"}],"curies":[{"name":"wp","href":"https:\/\/api.w.org\/{rel}","templated":true}]}}